{"id":4756,"date":"2023-12-27T16:47:53","date_gmt":"2023-12-27T22:47:53","guid":{"rendered":"https:\/\/website-c4a2a6fe.mhs.nxx.mybluehost.me\/?post_type=product&#038;p=4756"},"modified":"2025-12-01T10:26:47","modified_gmt":"2025-12-01T16:26:47","slug":"gardenbug-footfinder-wrist-rattle-set","status":"publish","type":"product","link":"https:\/\/creanzacr.com\/en\/product\/gardenbug-footfinder-wrist-rattle-set\/","title":{"rendered":"Gardenbug Footfinder Wrist Rattle Set"},"content":{"rendered":"<p><span style=\"color: #000000\">&#8211; Fomenta la exploraci\u00f3n y estimulaci\u00f3n visual a trav\u00e9s de sorpresas y texturas interesantes<\/span><br \/>\n<span style=\"color: #000000\">&#8211; Impulsa habilidades auditivas y t\u00e1ctiles<\/span><br \/>\n<span style=\"color: #000000\">&#8211; Lavable a m\u00e1quina<\/span><br \/>\n<span style=\"color: #000000\">&#8211; Empacado para un regalo ideal<\/span><br \/>\n<span style=\"color: #000000\">&#8211; Para edades desde reci\u00e9n nacido en adelante<\/span><\/p>","protected":false},"excerpt":{"rendered":"<p><span style=\"color: #000000\"><strong>*IVA incluido.<\/strong><\/span><\/p>","protected":false},"featured_media":4893,"template":"","meta":{"nf_dc_page":""},"product_brand":[],"product_cat":[237,205,207],"product_tag":[],"class_list":{"0":"post-4756","1":"product","2":"type-product","3":"status-publish","4":"has-post-thumbnail","6":"product_cat-0-a-6-meses","7":"product_cat-early-learning","8":"product_cat-lamaze-toys","10":"first","11":"instock","12":"shipping-taxable","13":"purchasable","14":"product-type-simple"},"yoast_head":"<!-- This site is optimized with the Yoast SEO Premium plugin v26.5 (Yoast SEO v27.2) - https:\/\/yoast.com\/product\/yoast-seo-premium-wordpress\/ -->\n<title>Gardenbug Footfinder Wrist Rattle Set - Creanza<\/title>\n<meta name=\"robots\" content=\"index, follow, max-snippet:-1, max-image-preview:large, max-video-preview:-1\" \/>\n<link rel=\"canonical\" href=\"https:\/\/creanzacr.com\/en\/product\/gardenbug-footfinder-wrist-rattle-set\/\" \/>\n<meta property=\"og:locale\" content=\"en_US\" \/>\n<meta property=\"og:type\" content=\"article\" \/>\n<meta property=\"og:title\" content=\"Gardenbug Footfinder Wrist Rattle Set\" \/>\n<meta property=\"og:description\" content=\"*IVA incluido.\" \/>\n<meta property=\"og:url\" content=\"https:\/\/creanzacr.com\/en\/product\/gardenbug-footfinder-wrist-rattle-set\/\" \/>\n<meta property=\"og:site_name\" content=\"Creanza\" \/>\n<meta property=\"article:modified_time\" content=\"2025-12-01T16:26:47+00:00\" \/>\n<meta property=\"og:image\" content=\"https:\/\/creanzacr.com\/wp-content\/uploads\/2023\/12\/foot2.jpg\" \/>\n\t<meta property=\"og:image:width\" content=\"2000\" \/>\n\t<meta property=\"og:image:height\" content=\"2000\" \/>\n\t<meta property=\"og:image:type\" content=\"image\/jpeg\" \/>\n<meta name=\"twitter:card\" content=\"summary_large_image\" \/>\n<script type=\"application\/ld+json\" class=\"yoast-schema-graph\">{\"@context\":\"https:\/\/schema.org\",\"@graph\":[{\"@type\":\"WebPage\",\"@id\":\"https:\/\/creanzacr.com\/producto\/gardenbug-footfinder-wrist-rattle-set\/\",\"url\":\"https:\/\/creanzacr.com\/producto\/gardenbug-footfinder-wrist-rattle-set\/\",\"name\":\"Gardenbug Footfinder Wrist Rattle Set - Creanza\",\"isPartOf\":{\"@id\":\"https:\/\/creanzacr.com\/#website\"},\"primaryImageOfPage\":{\"@id\":\"https:\/\/creanzacr.com\/producto\/gardenbug-footfinder-wrist-rattle-set\/#primaryimage\"},\"image\":{\"@id\":\"https:\/\/creanzacr.com\/producto\/gardenbug-footfinder-wrist-rattle-set\/#primaryimage\"},\"thumbnailUrl\":\"https:\/\/creanzacr.com\/wp-content\/uploads\/2023\/12\/foot2.jpg\",\"datePublished\":\"2023-12-27T22:47:53+00:00\",\"dateModified\":\"2025-12-01T16:26:47+00:00\",\"breadcrumb\":{\"@id\":\"https:\/\/creanzacr.com\/producto\/gardenbug-footfinder-wrist-rattle-set\/#breadcrumb\"},\"inLanguage\":\"en-US\",\"potentialAction\":[{\"@type\":\"ReadAction\",\"target\":[\"https:\/\/creanzacr.com\/producto\/gardenbug-footfinder-wrist-rattle-set\/\"]}]},{\"@type\":\"ImageObject\",\"inLanguage\":\"en-US\",\"@id\":\"https:\/\/creanzacr.com\/producto\/gardenbug-footfinder-wrist-rattle-set\/#primaryimage\",\"url\":\"https:\/\/creanzacr.com\/wp-content\/uploads\/2023\/12\/foot2.jpg\",\"contentUrl\":\"https:\/\/creanzacr.com\/wp-content\/uploads\/2023\/12\/foot2.jpg\",\"width\":2000,\"height\":2000},{\"@type\":\"BreadcrumbList\",\"@id\":\"https:\/\/creanzacr.com\/producto\/gardenbug-footfinder-wrist-rattle-set\/#breadcrumb\",\"itemListElement\":[{\"@type\":\"ListItem\",\"position\":1,\"name\":\"Home\",\"item\":\"https:\/\/creanzacr.com\/\"},{\"@type\":\"ListItem\",\"position\":2,\"name\":\"Tienda\",\"item\":\"https:\/\/creanzacr.com\/tienda\/\"},{\"@type\":\"ListItem\",\"position\":3,\"name\":\"Gardenbug Footfinder Wrist Rattle Set\"}]},{\"@type\":\"WebSite\",\"@id\":\"https:\/\/creanzacr.com\/#website\",\"url\":\"https:\/\/creanzacr.com\/\",\"name\":\"Creanza\",\"description\":\"Juego con Prop\u00f3sito\",\"publisher\":{\"@id\":\"https:\/\/creanzacr.com\/#organization\"},\"potentialAction\":[{\"@type\":\"SearchAction\",\"target\":{\"@type\":\"EntryPoint\",\"urlTemplate\":\"https:\/\/creanzacr.com\/?s={search_term_string}\"},\"query-input\":{\"@type\":\"PropertyValueSpecification\",\"valueRequired\":true,\"valueName\":\"search_term_string\"}}],\"inLanguage\":\"en-US\"},{\"@type\":\"Organization\",\"@id\":\"https:\/\/creanzacr.com\/#organization\",\"name\":\"Creanza\",\"url\":\"https:\/\/creanzacr.com\/\",\"logo\":{\"@type\":\"ImageObject\",\"inLanguage\":\"en-US\",\"@id\":\"https:\/\/creanzacr.com\/#\/schema\/logo\/image\/\",\"url\":\"https:\/\/creanzacr.com\/wp-content\/uploads\/2023\/11\/versiones_logo_1.png\",\"contentUrl\":\"https:\/\/creanzacr.com\/wp-content\/uploads\/2023\/11\/versiones_logo_1.png\",\"width\":4167,\"height\":4167,\"caption\":\"Creanza\"},\"image\":{\"@id\":\"https:\/\/creanzacr.com\/#\/schema\/logo\/image\/\"}}]}<\/script>\n<!-- \/ Yoast SEO Premium plugin. -->","yoast_head_json":{"title":"Gardenbug Footfinder Wrist Rattle Set - Creanza","robots":{"index":"index","follow":"follow","max-snippet":"max-snippet:-1","max-image-preview":"max-image-preview:large","max-video-preview":"max-video-preview:-1"},"canonical":"https:\/\/creanzacr.com\/en\/product\/gardenbug-footfinder-wrist-rattle-set\/","og_locale":"en_US","og_type":"article","og_title":"Gardenbug Footfinder Wrist Rattle Set","og_description":"*IVA incluido.","og_url":"https:\/\/creanzacr.com\/en\/product\/gardenbug-footfinder-wrist-rattle-set\/","og_site_name":"Creanza","article_modified_time":"2025-12-01T16:26:47+00:00","og_image":[{"width":2000,"height":2000,"url":"https:\/\/creanzacr.com\/wp-content\/uploads\/2023\/12\/foot2.jpg","type":"image\/jpeg"}],"twitter_card":"summary_large_image","schema":{"@context":"https:\/\/schema.org","@graph":[{"@type":"WebPage","@id":"https:\/\/creanzacr.com\/producto\/gardenbug-footfinder-wrist-rattle-set\/","url":"https:\/\/creanzacr.com\/producto\/gardenbug-footfinder-wrist-rattle-set\/","name":"Gardenbug Footfinder Wrist Rattle Set - Creanza","isPartOf":{"@id":"https:\/\/creanzacr.com\/#website"},"primaryImageOfPage":{"@id":"https:\/\/creanzacr.com\/producto\/gardenbug-footfinder-wrist-rattle-set\/#primaryimage"},"image":{"@id":"https:\/\/creanzacr.com\/producto\/gardenbug-footfinder-wrist-rattle-set\/#primaryimage"},"thumbnailUrl":"https:\/\/creanzacr.com\/wp-content\/uploads\/2023\/12\/foot2.jpg","datePublished":"2023-12-27T22:47:53+00:00","dateModified":"2025-12-01T16:26:47+00:00","breadcrumb":{"@id":"https:\/\/creanzacr.com\/producto\/gardenbug-footfinder-wrist-rattle-set\/#breadcrumb"},"inLanguage":"en-US","potentialAction":[{"@type":"ReadAction","target":["https:\/\/creanzacr.com\/producto\/gardenbug-footfinder-wrist-rattle-set\/"]}]},{"@type":"ImageObject","inLanguage":"en-US","@id":"https:\/\/creanzacr.com\/producto\/gardenbug-footfinder-wrist-rattle-set\/#primaryimage","url":"https:\/\/creanzacr.com\/wp-content\/uploads\/2023\/12\/foot2.jpg","contentUrl":"https:\/\/creanzacr.com\/wp-content\/uploads\/2023\/12\/foot2.jpg","width":2000,"height":2000},{"@type":"BreadcrumbList","@id":"https:\/\/creanzacr.com\/producto\/gardenbug-footfinder-wrist-rattle-set\/#breadcrumb","itemListElement":[{"@type":"ListItem","position":1,"name":"Home","item":"https:\/\/creanzacr.com\/"},{"@type":"ListItem","position":2,"name":"Tienda","item":"https:\/\/creanzacr.com\/tienda\/"},{"@type":"ListItem","position":3,"name":"Gardenbug Footfinder Wrist Rattle Set"}]},{"@type":"WebSite","@id":"https:\/\/creanzacr.com\/#website","url":"https:\/\/creanzacr.com\/","name":"Creanza","description":"Juego con Prop\u00f3sito","publisher":{"@id":"https:\/\/creanzacr.com\/#organization"},"potentialAction":[{"@type":"SearchAction","target":{"@type":"EntryPoint","urlTemplate":"https:\/\/creanzacr.com\/?s={search_term_string}"},"query-input":{"@type":"PropertyValueSpecification","valueRequired":true,"valueName":"search_term_string"}}],"inLanguage":"en-US"},{"@type":"Organization","@id":"https:\/\/creanzacr.com\/#organization","name":"Creanza","url":"https:\/\/creanzacr.com\/","logo":{"@type":"ImageObject","inLanguage":"en-US","@id":"https:\/\/creanzacr.com\/#\/schema\/logo\/image\/","url":"https:\/\/creanzacr.com\/wp-content\/uploads\/2023\/11\/versiones_logo_1.png","contentUrl":"https:\/\/creanzacr.com\/wp-content\/uploads\/2023\/11\/versiones_logo_1.png","width":4167,"height":4167,"caption":"Creanza"},"image":{"@id":"https:\/\/creanzacr.com\/#\/schema\/logo\/image\/"}}]}},"_links":{"self":[{"href":"https:\/\/creanzacr.com\/en\/wp-json\/wp\/v2\/product\/4756","targetHints":{"allow":["GET"]}}],"collection":[{"href":"https:\/\/creanzacr.com\/en\/wp-json\/wp\/v2\/product"}],"about":[{"href":"https:\/\/creanzacr.com\/en\/wp-json\/wp\/v2\/types\/product"}],"wp:featuredmedia":[{"embeddable":true,"href":"https:\/\/creanzacr.com\/en\/wp-json\/wp\/v2\/media\/4893"}],"wp:attachment":[{"href":"https:\/\/creanzacr.com\/en\/wp-json\/wp\/v2\/media?parent=4756"}],"wp:term":[{"taxonomy":"product_brand","embeddable":true,"href":"https:\/\/creanzacr.com\/en\/wp-json\/wp\/v2\/product_brand?post=4756"},{"taxonomy":"product_cat","embeddable":true,"href":"https:\/\/creanzacr.com\/en\/wp-json\/wp\/v2\/product_cat?post=4756"},{"taxonomy":"product_tag","embeddable":true,"href":"https:\/\/creanzacr.com\/en\/wp-json\/wp\/v2\/product_tag?post=4756"}],"curies":[{"name":"wp","href":"https:\/\/api.w.org\/{rel}","templated":true}]}}