{"id":7507,"date":"2026-03-02T21:05:15","date_gmt":"2026-03-03T03:05:15","guid":{"rendered":"https:\/\/creanzacr.com\/?post_type=product&#038;p=7507"},"modified":"2026-03-03T17:56:35","modified_gmt":"2026-03-03T23:56:35","slug":"puncho-wooden-box-lochkasten","status":"publish","type":"product","link":"https:\/\/creanzacr.com\/en\/product\/puncho-wooden-box-lochkasten\/","title":{"rendered":"Puncho Wooden Box (Lochkasten)"},"content":{"rendered":"<ul>\n<li>Desliza el mazo de cartas dentro del contenedor y comienza el desaf\u00edo.<\/li>\n<li>Coloca la clavija de madera en el orificio que corresponde a la respuesta correcta.<\/li>\n<li>\u2705 Si la respuesta es correcta, la carta se libera y podr\u00e1s retirarla con facilidad.<\/li>\n<li>\u274c Si la respuesta es incorrecta, la carta quedar\u00e1 bloqueada, invitando a intentarlo de nuevo.<\/li>\n<li>Insertar el l\u00e1piz de madera fortalece la motricidad fina y la coordinaci\u00f3n mano-ojo.<\/li>\n<li>Con m\u00e1s de 25 sets de cartas, ni\u00f1os de distintas edades pueden entrenar habilidades espec\u00edficas de forma progresiva.<\/li>\n<li>Estimula la percepci\u00f3n visual, el pensamiento l\u00f3gico y la comprensi\u00f3n num\u00e9rica, entre otras competencias clave.<\/li>\n<\/ul>\n<p>\u2728 Aprendizaje interactivo que motiva, corrige al instante y convierte cada acierto en una peque\u00f1a victoria.<\/p>","protected":false},"excerpt":{"rendered":"<p>Convierte cada momento en una oportunidad de aprendizaje divertido. Este portacartas did\u00e1ctico, estimula la curiosidad, refuerza la confianza y motiva a los ni\u00f1os a superarse mientras juegan. Compacto, ligero y f\u00e1cil de llevar, es el compa\u00f1ero ideal para aprender en casa o en movimiento. \u00a1Peque\u00f1os logros que construyen grandes sonrisas!<\/p>","protected":false},"featured_media":7510,"template":"","meta":{"nf_dc_page":""},"product_brand":[],"product_cat":[240,239,246,249,265],"product_tag":[],"class_list":{"0":"post-7507","1":"product","2":"type-product","3":"status-publish","4":"has-post-thumbnail","6":"product_cat-36-meses","7":"product_cat-12-a-24-meses","8":"product_cat-desarrollo-cognitivo","9":"product_cat-nuevos-ingresos","10":"product_cat-puncho","12":"first","13":"instock","14":"shipping-taxable","15":"purchasable","16":"product-type-simple"},"yoast_head":"<!-- This site is optimized with the Yoast SEO Premium plugin v26.5 (Yoast SEO v27.2) - https:\/\/yoast.com\/product\/yoast-seo-premium-wordpress\/ -->\n<title>Puncho Wooden Box (Lochkasten) - Creanza<\/title>\n<meta name=\"robots\" content=\"index, follow, max-snippet:-1, max-image-preview:large, max-video-preview:-1\" \/>\n<link rel=\"canonical\" href=\"https:\/\/creanzacr.com\/en\/product\/puncho-wooden-box-lochkasten\/\" \/>\n<meta property=\"og:locale\" content=\"en_US\" \/>\n<meta property=\"og:type\" content=\"article\" \/>\n<meta property=\"og:title\" content=\"Puncho Wooden Box (Lochkasten)\" \/>\n<meta property=\"og:description\" content=\"Convierte cada momento en una oportunidad de aprendizaje divertido. Este portacartas did\u00e1ctico, estimula la curiosidad, refuerza la confianza y motiva a los ni\u00f1os a superarse mientras juegan. Compacto, ligero y f\u00e1cil de llevar, es el compa\u00f1ero ideal para aprender en casa o en movimiento. \u00a1Peque\u00f1os logros que construyen grandes sonrisas!\" \/>\n<meta property=\"og:url\" content=\"https:\/\/creanzacr.com\/en\/product\/puncho-wooden-box-lochkasten\/\" \/>\n<meta property=\"og:site_name\" content=\"Creanza\" \/>\n<meta property=\"article:modified_time\" content=\"2026-03-03T23:56:35+00:00\" \/>\n<meta property=\"og:image\" content=\"https:\/\/creanzacr.com\/wp-content\/uploads\/2026\/03\/22.png\" \/>\n\t<meta property=\"og:image:width\" content=\"1080\" \/>\n\t<meta property=\"og:image:height\" content=\"1080\" \/>\n\t<meta property=\"og:image:type\" content=\"image\/png\" \/>\n<meta name=\"twitter:card\" content=\"summary_large_image\" \/>\n<meta name=\"twitter:label1\" content=\"Est. reading time\" \/>\n\t<meta name=\"twitter:data1\" content=\"1 minute\" \/>\n<script type=\"application\/ld+json\" class=\"yoast-schema-graph\">{\"@context\":\"https:\/\/schema.org\",\"@graph\":[{\"@type\":\"WebPage\",\"@id\":\"https:\/\/creanzacr.com\/producto\/puncho-wooden-box-lochkasten\/\",\"url\":\"https:\/\/creanzacr.com\/producto\/puncho-wooden-box-lochkasten\/\",\"name\":\"Puncho Wooden Box (Lochkasten) - Creanza\",\"isPartOf\":{\"@id\":\"https:\/\/creanzacr.com\/#website\"},\"primaryImageOfPage\":{\"@id\":\"https:\/\/creanzacr.com\/producto\/puncho-wooden-box-lochkasten\/#primaryimage\"},\"image\":{\"@id\":\"https:\/\/creanzacr.com\/producto\/puncho-wooden-box-lochkasten\/#primaryimage\"},\"thumbnailUrl\":\"https:\/\/creanzacr.com\/wp-content\/uploads\/2026\/03\/22.png\",\"datePublished\":\"2026-03-03T03:05:15+00:00\",\"dateModified\":\"2026-03-03T23:56:35+00:00\",\"breadcrumb\":{\"@id\":\"https:\/\/creanzacr.com\/producto\/puncho-wooden-box-lochkasten\/#breadcrumb\"},\"inLanguage\":\"en-US\",\"potentialAction\":[{\"@type\":\"ReadAction\",\"target\":[\"https:\/\/creanzacr.com\/producto\/puncho-wooden-box-lochkasten\/\"]}]},{\"@type\":\"ImageObject\",\"inLanguage\":\"en-US\",\"@id\":\"https:\/\/creanzacr.com\/producto\/puncho-wooden-box-lochkasten\/#primaryimage\",\"url\":\"https:\/\/creanzacr.com\/wp-content\/uploads\/2026\/03\/22.png\",\"contentUrl\":\"https:\/\/creanzacr.com\/wp-content\/uploads\/2026\/03\/22.png\",\"width\":1080,\"height\":1080},{\"@type\":\"BreadcrumbList\",\"@id\":\"https:\/\/creanzacr.com\/producto\/puncho-wooden-box-lochkasten\/#breadcrumb\",\"itemListElement\":[{\"@type\":\"ListItem\",\"position\":1,\"name\":\"Home\",\"item\":\"https:\/\/creanzacr.com\/\"},{\"@type\":\"ListItem\",\"position\":2,\"name\":\"Tienda\",\"item\":\"https:\/\/creanzacr.com\/tienda\/\"},{\"@type\":\"ListItem\",\"position\":3,\"name\":\"Puncho Wooden Box (Lochkasten)\"}]},{\"@type\":\"WebSite\",\"@id\":\"https:\/\/creanzacr.com\/#website\",\"url\":\"https:\/\/creanzacr.com\/\",\"name\":\"Creanza\",\"description\":\"Juego con Prop\u00f3sito\",\"publisher\":{\"@id\":\"https:\/\/creanzacr.com\/#organization\"},\"potentialAction\":[{\"@type\":\"SearchAction\",\"target\":{\"@type\":\"EntryPoint\",\"urlTemplate\":\"https:\/\/creanzacr.com\/?s={search_term_string}\"},\"query-input\":{\"@type\":\"PropertyValueSpecification\",\"valueRequired\":true,\"valueName\":\"search_term_string\"}}],\"inLanguage\":\"en-US\"},{\"@type\":\"Organization\",\"@id\":\"https:\/\/creanzacr.com\/#organization\",\"name\":\"Creanza\",\"url\":\"https:\/\/creanzacr.com\/\",\"logo\":{\"@type\":\"ImageObject\",\"inLanguage\":\"en-US\",\"@id\":\"https:\/\/creanzacr.com\/#\/schema\/logo\/image\/\",\"url\":\"https:\/\/creanzacr.com\/wp-content\/uploads\/2023\/11\/versiones_logo_1.png\",\"contentUrl\":\"https:\/\/creanzacr.com\/wp-content\/uploads\/2023\/11\/versiones_logo_1.png\",\"width\":4167,\"height\":4167,\"caption\":\"Creanza\"},\"image\":{\"@id\":\"https:\/\/creanzacr.com\/#\/schema\/logo\/image\/\"}}]}<\/script>\n<!-- \/ Yoast SEO Premium plugin. -->","yoast_head_json":{"title":"Puncho Wooden Box (Lochkasten) - Creanza","robots":{"index":"index","follow":"follow","max-snippet":"max-snippet:-1","max-image-preview":"max-image-preview:large","max-video-preview":"max-video-preview:-1"},"canonical":"https:\/\/creanzacr.com\/en\/product\/puncho-wooden-box-lochkasten\/","og_locale":"en_US","og_type":"article","og_title":"Puncho Wooden Box (Lochkasten)","og_description":"Convierte cada momento en una oportunidad de aprendizaje divertido. Este portacartas did\u00e1ctico, estimula la curiosidad, refuerza la confianza y motiva a los ni\u00f1os a superarse mientras juegan. Compacto, ligero y f\u00e1cil de llevar, es el compa\u00f1ero ideal para aprender en casa o en movimiento. \u00a1Peque\u00f1os logros que construyen grandes sonrisas!","og_url":"https:\/\/creanzacr.com\/en\/product\/puncho-wooden-box-lochkasten\/","og_site_name":"Creanza","article_modified_time":"2026-03-03T23:56:35+00:00","og_image":[{"width":1080,"height":1080,"url":"https:\/\/creanzacr.com\/wp-content\/uploads\/2026\/03\/22.png","type":"image\/png"}],"twitter_card":"summary_large_image","twitter_misc":{"Est. reading time":"1 minute"},"schema":{"@context":"https:\/\/schema.org","@graph":[{"@type":"WebPage","@id":"https:\/\/creanzacr.com\/producto\/puncho-wooden-box-lochkasten\/","url":"https:\/\/creanzacr.com\/producto\/puncho-wooden-box-lochkasten\/","name":"Puncho Wooden Box (Lochkasten) - Creanza","isPartOf":{"@id":"https:\/\/creanzacr.com\/#website"},"primaryImageOfPage":{"@id":"https:\/\/creanzacr.com\/producto\/puncho-wooden-box-lochkasten\/#primaryimage"},"image":{"@id":"https:\/\/creanzacr.com\/producto\/puncho-wooden-box-lochkasten\/#primaryimage"},"thumbnailUrl":"https:\/\/creanzacr.com\/wp-content\/uploads\/2026\/03\/22.png","datePublished":"2026-03-03T03:05:15+00:00","dateModified":"2026-03-03T23:56:35+00:00","breadcrumb":{"@id":"https:\/\/creanzacr.com\/producto\/puncho-wooden-box-lochkasten\/#breadcrumb"},"inLanguage":"en-US","potentialAction":[{"@type":"ReadAction","target":["https:\/\/creanzacr.com\/producto\/puncho-wooden-box-lochkasten\/"]}]},{"@type":"ImageObject","inLanguage":"en-US","@id":"https:\/\/creanzacr.com\/producto\/puncho-wooden-box-lochkasten\/#primaryimage","url":"https:\/\/creanzacr.com\/wp-content\/uploads\/2026\/03\/22.png","contentUrl":"https:\/\/creanzacr.com\/wp-content\/uploads\/2026\/03\/22.png","width":1080,"height":1080},{"@type":"BreadcrumbList","@id":"https:\/\/creanzacr.com\/producto\/puncho-wooden-box-lochkasten\/#breadcrumb","itemListElement":[{"@type":"ListItem","position":1,"name":"Home","item":"https:\/\/creanzacr.com\/"},{"@type":"ListItem","position":2,"name":"Tienda","item":"https:\/\/creanzacr.com\/tienda\/"},{"@type":"ListItem","position":3,"name":"Puncho Wooden Box (Lochkasten)"}]},{"@type":"WebSite","@id":"https:\/\/creanzacr.com\/#website","url":"https:\/\/creanzacr.com\/","name":"Creanza","description":"Juego con Prop\u00f3sito","publisher":{"@id":"https:\/\/creanzacr.com\/#organization"},"potentialAction":[{"@type":"SearchAction","target":{"@type":"EntryPoint","urlTemplate":"https:\/\/creanzacr.com\/?s={search_term_string}"},"query-input":{"@type":"PropertyValueSpecification","valueRequired":true,"valueName":"search_term_string"}}],"inLanguage":"en-US"},{"@type":"Organization","@id":"https:\/\/creanzacr.com\/#organization","name":"Creanza","url":"https:\/\/creanzacr.com\/","logo":{"@type":"ImageObject","inLanguage":"en-US","@id":"https:\/\/creanzacr.com\/#\/schema\/logo\/image\/","url":"https:\/\/creanzacr.com\/wp-content\/uploads\/2023\/11\/versiones_logo_1.png","contentUrl":"https:\/\/creanzacr.com\/wp-content\/uploads\/2023\/11\/versiones_logo_1.png","width":4167,"height":4167,"caption":"Creanza"},"image":{"@id":"https:\/\/creanzacr.com\/#\/schema\/logo\/image\/"}}]}},"_links":{"self":[{"href":"https:\/\/creanzacr.com\/en\/wp-json\/wp\/v2\/product\/7507","targetHints":{"allow":["GET"]}}],"collection":[{"href":"https:\/\/creanzacr.com\/en\/wp-json\/wp\/v2\/product"}],"about":[{"href":"https:\/\/creanzacr.com\/en\/wp-json\/wp\/v2\/types\/product"}],"wp:featuredmedia":[{"embeddable":true,"href":"https:\/\/creanzacr.com\/en\/wp-json\/wp\/v2\/media\/7510"}],"wp:attachment":[{"href":"https:\/\/creanzacr.com\/en\/wp-json\/wp\/v2\/media?parent=7507"}],"wp:term":[{"taxonomy":"product_brand","embeddable":true,"href":"https:\/\/creanzacr.com\/en\/wp-json\/wp\/v2\/product_brand?post=7507"},{"taxonomy":"product_cat","embeddable":true,"href":"https:\/\/creanzacr.com\/en\/wp-json\/wp\/v2\/product_cat?post=7507"},{"taxonomy":"product_tag","embeddable":true,"href":"https:\/\/creanzacr.com\/en\/wp-json\/wp\/v2\/product_tag?post=7507"}],"curies":[{"name":"wp","href":"https:\/\/api.w.org\/{rel}","templated":true}]}}