{"id":7516,"date":"2026-03-02T21:44:42","date_gmt":"2026-03-03T03:44:42","guid":{"rendered":"https:\/\/creanzacr.com\/?post_type=product&#038;p=7516"},"modified":"2026-03-03T17:55:26","modified_gmt":"2026-03-03T23:55:26","slug":"puncho-3-wooden-box-1-set-of-cards","status":"publish","type":"product","link":"https:\/\/creanzacr.com\/en\/product\/puncho-3-wooden-box-1-set-of-cards\/","title":{"rendered":"Puncho 3+ Wooden Box &#038; 1 Set of Cards"},"content":{"rendered":"<ul>\n<li>Desliza un set de cartas dentro de la caja interactiva.<\/li>\n<li>Inserta el l\u00e1piz de madera en el orificio correspondiente a la respuesta correcta.<\/li>\n<li>\u2705 Si la respuesta es correcta, la carta se libera y podr\u00e1s retirarla f\u00e1cilmente.<\/li>\n<li>\u274c Si la respuesta es incorrecta, la carta quedar\u00e1 bloqueada, invitando a intentarlo de nuevo.<\/li>\n<\/ul>\n<p>\u2728 Un sistema autocorrectivo que transforma cada intento en aprendizaje y cada acierto en una peque\u00f1a gran victoria.<\/p>","protected":false},"excerpt":{"rendered":"<p>El paquete inicial de caja interactiva, recomendado para ni\u00f1os de 3 a\u00f1os, ofrece una experiencia de aprendizaje \u00fanica para la primera infancia. Sus intuitivos sets de cartas, con im\u00e1genes simples y realistas y primeras asociaciones 1 a 1, est\u00e1n especialmente dise\u00f1ados para esta etapa de desarrollo. Mientras juegan y se divierten, los ni\u00f1os fortalecen su pensamiento l\u00f3gico, su motricidad fina y su percepci\u00f3n visual. A medida que aumenta la cantidad de cartas, los desaf\u00edos se vuelven progresivamente m\u00e1s estimulantes, convirtiendo cada actividad en una emocionante oportunidad de aprendizaje y crecimiento.<\/p>","protected":false},"featured_media":7528,"template":"","meta":{"nf_dc_page":""},"product_brand":[],"product_cat":[240,246,249,265],"product_tag":[],"class_list":{"0":"post-7516","1":"product","2":"type-product","3":"status-publish","4":"has-post-thumbnail","6":"product_cat-36-meses","7":"product_cat-desarrollo-cognitivo","8":"product_cat-nuevos-ingresos","9":"product_cat-puncho","11":"first","12":"instock","13":"shipping-taxable","14":"purchasable","15":"product-type-simple"},"yoast_head":"<!-- This site is optimized with the Yoast SEO Premium plugin v26.5 (Yoast SEO v27.2) - https:\/\/yoast.com\/product\/yoast-seo-premium-wordpress\/ -->\n<title>Puncho 3+ Wooden Box &amp; 1 Set of Cards - Creanza<\/title>\n<meta name=\"robots\" content=\"index, follow, max-snippet:-1, max-image-preview:large, max-video-preview:-1\" \/>\n<link rel=\"canonical\" href=\"https:\/\/creanzacr.com\/en\/product\/puncho-3-wooden-box-1-set-of-cards\/\" \/>\n<meta property=\"og:locale\" content=\"en_US\" \/>\n<meta property=\"og:type\" content=\"article\" \/>\n<meta property=\"og:title\" content=\"Puncho 3+ Wooden Box &amp; 1 Set of Cards\" \/>\n<meta property=\"og:description\" content=\"El paquete inicial de caja interactiva, recomendado para ni\u00f1os de 3 a\u00f1os, ofrece una experiencia de aprendizaje \u00fanica para la primera infancia. Sus intuitivos sets de cartas, con im\u00e1genes simples y realistas y primeras asociaciones 1 a 1, est\u00e1n especialmente dise\u00f1ados para esta etapa de desarrollo. Mientras juegan y se divierten, los ni\u00f1os fortalecen su pensamiento l\u00f3gico, su motricidad fina y su percepci\u00f3n visual. A medida que aumenta la cantidad de cartas, los desaf\u00edos se vuelven progresivamente m\u00e1s estimulantes, convirtiendo cada actividad en una emocionante oportunidad de aprendizaje y crecimiento.\" \/>\n<meta property=\"og:url\" content=\"https:\/\/creanzacr.com\/en\/product\/puncho-3-wooden-box-1-set-of-cards\/\" \/>\n<meta property=\"og:site_name\" content=\"Creanza\" \/>\n<meta property=\"article:modified_time\" content=\"2026-03-03T23:55:26+00:00\" \/>\n<meta property=\"og:image\" content=\"https:\/\/creanzacr.com\/wp-content\/uploads\/2026\/03\/Untitled-design-10.png\" \/>\n\t<meta property=\"og:image:width\" content=\"1080\" \/>\n\t<meta property=\"og:image:height\" content=\"1080\" \/>\n\t<meta property=\"og:image:type\" content=\"image\/png\" \/>\n<meta name=\"twitter:card\" content=\"summary_large_image\" \/>\n<meta name=\"twitter:label1\" content=\"Est. reading time\" \/>\n\t<meta name=\"twitter:data1\" content=\"1 minute\" \/>\n<script type=\"application\/ld+json\" class=\"yoast-schema-graph\">{\"@context\":\"https:\/\/schema.org\",\"@graph\":[{\"@type\":\"WebPage\",\"@id\":\"https:\/\/creanzacr.com\/producto\/puncho-3-wooden-box-1-set-of-cards\/\",\"url\":\"https:\/\/creanzacr.com\/producto\/puncho-3-wooden-box-1-set-of-cards\/\",\"name\":\"Puncho 3+ Wooden Box & 1 Set of Cards - Creanza\",\"isPartOf\":{\"@id\":\"https:\/\/creanzacr.com\/#website\"},\"primaryImageOfPage\":{\"@id\":\"https:\/\/creanzacr.com\/producto\/puncho-3-wooden-box-1-set-of-cards\/#primaryimage\"},\"image\":{\"@id\":\"https:\/\/creanzacr.com\/producto\/puncho-3-wooden-box-1-set-of-cards\/#primaryimage\"},\"thumbnailUrl\":\"https:\/\/creanzacr.com\/wp-content\/uploads\/2026\/03\/Untitled-design-10.png\",\"datePublished\":\"2026-03-03T03:44:42+00:00\",\"dateModified\":\"2026-03-03T23:55:26+00:00\",\"breadcrumb\":{\"@id\":\"https:\/\/creanzacr.com\/producto\/puncho-3-wooden-box-1-set-of-cards\/#breadcrumb\"},\"inLanguage\":\"en-US\",\"potentialAction\":[{\"@type\":\"ReadAction\",\"target\":[\"https:\/\/creanzacr.com\/producto\/puncho-3-wooden-box-1-set-of-cards\/\"]}]},{\"@type\":\"ImageObject\",\"inLanguage\":\"en-US\",\"@id\":\"https:\/\/creanzacr.com\/producto\/puncho-3-wooden-box-1-set-of-cards\/#primaryimage\",\"url\":\"https:\/\/creanzacr.com\/wp-content\/uploads\/2026\/03\/Untitled-design-10.png\",\"contentUrl\":\"https:\/\/creanzacr.com\/wp-content\/uploads\/2026\/03\/Untitled-design-10.png\",\"width\":1080,\"height\":1080},{\"@type\":\"BreadcrumbList\",\"@id\":\"https:\/\/creanzacr.com\/producto\/puncho-3-wooden-box-1-set-of-cards\/#breadcrumb\",\"itemListElement\":[{\"@type\":\"ListItem\",\"position\":1,\"name\":\"Home\",\"item\":\"https:\/\/creanzacr.com\/\"},{\"@type\":\"ListItem\",\"position\":2,\"name\":\"Tienda\",\"item\":\"https:\/\/creanzacr.com\/tienda\/\"},{\"@type\":\"ListItem\",\"position\":3,\"name\":\"Puncho 3+ Wooden Box &#038; 1 Set of Cards\"}]},{\"@type\":\"WebSite\",\"@id\":\"https:\/\/creanzacr.com\/#website\",\"url\":\"https:\/\/creanzacr.com\/\",\"name\":\"Creanza\",\"description\":\"Juego con Prop\u00f3sito\",\"publisher\":{\"@id\":\"https:\/\/creanzacr.com\/#organization\"},\"potentialAction\":[{\"@type\":\"SearchAction\",\"target\":{\"@type\":\"EntryPoint\",\"urlTemplate\":\"https:\/\/creanzacr.com\/?s={search_term_string}\"},\"query-input\":{\"@type\":\"PropertyValueSpecification\",\"valueRequired\":true,\"valueName\":\"search_term_string\"}}],\"inLanguage\":\"en-US\"},{\"@type\":\"Organization\",\"@id\":\"https:\/\/creanzacr.com\/#organization\",\"name\":\"Creanza\",\"url\":\"https:\/\/creanzacr.com\/\",\"logo\":{\"@type\":\"ImageObject\",\"inLanguage\":\"en-US\",\"@id\":\"https:\/\/creanzacr.com\/#\/schema\/logo\/image\/\",\"url\":\"https:\/\/creanzacr.com\/wp-content\/uploads\/2023\/11\/versiones_logo_1.png\",\"contentUrl\":\"https:\/\/creanzacr.com\/wp-content\/uploads\/2023\/11\/versiones_logo_1.png\",\"width\":4167,\"height\":4167,\"caption\":\"Creanza\"},\"image\":{\"@id\":\"https:\/\/creanzacr.com\/#\/schema\/logo\/image\/\"}}]}<\/script>\n<!-- \/ Yoast SEO Premium plugin. -->","yoast_head_json":{"title":"Puncho 3+ Wooden Box & 1 Set of Cards - Creanza","robots":{"index":"index","follow":"follow","max-snippet":"max-snippet:-1","max-image-preview":"max-image-preview:large","max-video-preview":"max-video-preview:-1"},"canonical":"https:\/\/creanzacr.com\/en\/product\/puncho-3-wooden-box-1-set-of-cards\/","og_locale":"en_US","og_type":"article","og_title":"Puncho 3+ Wooden Box & 1 Set of Cards","og_description":"El paquete inicial de caja interactiva, recomendado para ni\u00f1os de 3 a\u00f1os, ofrece una experiencia de aprendizaje \u00fanica para la primera infancia. Sus intuitivos sets de cartas, con im\u00e1genes simples y realistas y primeras asociaciones 1 a 1, est\u00e1n especialmente dise\u00f1ados para esta etapa de desarrollo. Mientras juegan y se divierten, los ni\u00f1os fortalecen su pensamiento l\u00f3gico, su motricidad fina y su percepci\u00f3n visual. A medida que aumenta la cantidad de cartas, los desaf\u00edos se vuelven progresivamente m\u00e1s estimulantes, convirtiendo cada actividad en una emocionante oportunidad de aprendizaje y crecimiento.","og_url":"https:\/\/creanzacr.com\/en\/product\/puncho-3-wooden-box-1-set-of-cards\/","og_site_name":"Creanza","article_modified_time":"2026-03-03T23:55:26+00:00","og_image":[{"width":1080,"height":1080,"url":"https:\/\/creanzacr.com\/wp-content\/uploads\/2026\/03\/Untitled-design-10.png","type":"image\/png"}],"twitter_card":"summary_large_image","twitter_misc":{"Est. reading time":"1 minute"},"schema":{"@context":"https:\/\/schema.org","@graph":[{"@type":"WebPage","@id":"https:\/\/creanzacr.com\/producto\/puncho-3-wooden-box-1-set-of-cards\/","url":"https:\/\/creanzacr.com\/producto\/puncho-3-wooden-box-1-set-of-cards\/","name":"Puncho 3+ Wooden Box & 1 Set of Cards - Creanza","isPartOf":{"@id":"https:\/\/creanzacr.com\/#website"},"primaryImageOfPage":{"@id":"https:\/\/creanzacr.com\/producto\/puncho-3-wooden-box-1-set-of-cards\/#primaryimage"},"image":{"@id":"https:\/\/creanzacr.com\/producto\/puncho-3-wooden-box-1-set-of-cards\/#primaryimage"},"thumbnailUrl":"https:\/\/creanzacr.com\/wp-content\/uploads\/2026\/03\/Untitled-design-10.png","datePublished":"2026-03-03T03:44:42+00:00","dateModified":"2026-03-03T23:55:26+00:00","breadcrumb":{"@id":"https:\/\/creanzacr.com\/producto\/puncho-3-wooden-box-1-set-of-cards\/#breadcrumb"},"inLanguage":"en-US","potentialAction":[{"@type":"ReadAction","target":["https:\/\/creanzacr.com\/producto\/puncho-3-wooden-box-1-set-of-cards\/"]}]},{"@type":"ImageObject","inLanguage":"en-US","@id":"https:\/\/creanzacr.com\/producto\/puncho-3-wooden-box-1-set-of-cards\/#primaryimage","url":"https:\/\/creanzacr.com\/wp-content\/uploads\/2026\/03\/Untitled-design-10.png","contentUrl":"https:\/\/creanzacr.com\/wp-content\/uploads\/2026\/03\/Untitled-design-10.png","width":1080,"height":1080},{"@type":"BreadcrumbList","@id":"https:\/\/creanzacr.com\/producto\/puncho-3-wooden-box-1-set-of-cards\/#breadcrumb","itemListElement":[{"@type":"ListItem","position":1,"name":"Home","item":"https:\/\/creanzacr.com\/"},{"@type":"ListItem","position":2,"name":"Tienda","item":"https:\/\/creanzacr.com\/tienda\/"},{"@type":"ListItem","position":3,"name":"Puncho 3+ Wooden Box &#038; 1 Set of Cards"}]},{"@type":"WebSite","@id":"https:\/\/creanzacr.com\/#website","url":"https:\/\/creanzacr.com\/","name":"Creanza","description":"Juego con Prop\u00f3sito","publisher":{"@id":"https:\/\/creanzacr.com\/#organization"},"potentialAction":[{"@type":"SearchAction","target":{"@type":"EntryPoint","urlTemplate":"https:\/\/creanzacr.com\/?s={search_term_string}"},"query-input":{"@type":"PropertyValueSpecification","valueRequired":true,"valueName":"search_term_string"}}],"inLanguage":"en-US"},{"@type":"Organization","@id":"https:\/\/creanzacr.com\/#organization","name":"Creanza","url":"https:\/\/creanzacr.com\/","logo":{"@type":"ImageObject","inLanguage":"en-US","@id":"https:\/\/creanzacr.com\/#\/schema\/logo\/image\/","url":"https:\/\/creanzacr.com\/wp-content\/uploads\/2023\/11\/versiones_logo_1.png","contentUrl":"https:\/\/creanzacr.com\/wp-content\/uploads\/2023\/11\/versiones_logo_1.png","width":4167,"height":4167,"caption":"Creanza"},"image":{"@id":"https:\/\/creanzacr.com\/#\/schema\/logo\/image\/"}}]}},"_links":{"self":[{"href":"https:\/\/creanzacr.com\/en\/wp-json\/wp\/v2\/product\/7516","targetHints":{"allow":["GET"]}}],"collection":[{"href":"https:\/\/creanzacr.com\/en\/wp-json\/wp\/v2\/product"}],"about":[{"href":"https:\/\/creanzacr.com\/en\/wp-json\/wp\/v2\/types\/product"}],"wp:featuredmedia":[{"embeddable":true,"href":"https:\/\/creanzacr.com\/en\/wp-json\/wp\/v2\/media\/7528"}],"wp:attachment":[{"href":"https:\/\/creanzacr.com\/en\/wp-json\/wp\/v2\/media?parent=7516"}],"wp:term":[{"taxonomy":"product_brand","embeddable":true,"href":"https:\/\/creanzacr.com\/en\/wp-json\/wp\/v2\/product_brand?post=7516"},{"taxonomy":"product_cat","embeddable":true,"href":"https:\/\/creanzacr.com\/en\/wp-json\/wp\/v2\/product_cat?post=7516"},{"taxonomy":"product_tag","embeddable":true,"href":"https:\/\/creanzacr.com\/en\/wp-json\/wp\/v2\/product_tag?post=7516"}],"curies":[{"name":"wp","href":"https:\/\/api.w.org\/{rel}","templated":true}]}}