{"id":7570,"date":"2026-03-05T15:43:26","date_gmt":"2026-03-05T21:43:26","guid":{"rendered":"https:\/\/creanzacr.com\/?post_type=product&#038;p=7570"},"modified":"2026-03-05T17:32:57","modified_gmt":"2026-03-05T23:32:57","slug":"first-exercises-world-of-dinos-2","status":"publish","type":"product","link":"https:\/\/creanzacr.com\/en\/product\/first-exercises-world-of-dinos-2\/","title":{"rendered":"First Exercises &#8211; World of Dinos 2+"},"content":{"rendered":"<ul>\n<li>Incluye 24 tarjetas de aprendizaje impresas por ambos lados<\/li>\n<li>Ofrece un total de 48 ejercicios educativos<\/li>\n<li>Apto para ni\u00f1os a partir de 2 a\u00f1os<\/li>\n<li>Sistema autocorrectivo y pr\u00e1ctico que fomenta la autonom\u00eda<\/li>\n<li>Introduce la tarjeta en la caja y coloca el l\u00e1piz de madera en la respuesta elegida<\/li>\n<li>Si es correcta, la tarjeta se puede extraer<\/li>\n<li>Si es incorrecta, la tarjeta permanece bloqueada<\/li>\n<li>No incluye el Wooden Box<\/li>\n<\/ul>\n<p>Una forma divertida, interactiva y eficaz de aprender jugando<\/p>","protected":false},"excerpt":{"rendered":"<p>El set de tarjetas para la caja de aprendizaje (Wooden Box) es perfecto para ense\u00f1ar los primeros colores a ni\u00f1os desde los 2 a\u00f1os. Incluye 24 tarjetas impresas por ambos lados con 48 ejercicios que estimulan la observaci\u00f3n y la asociaci\u00f3n. Su sistema autocorrectivo permite que el ni\u00f1o aprenda de forma aut\u00f3noma y divertida.<\/p>","protected":false},"featured_media":7616,"template":"","meta":{"nf_dc_page":""},"product_brand":[],"product_cat":[239,246,249,265],"product_tag":[],"class_list":{"0":"post-7570","1":"product","2":"type-product","3":"status-publish","4":"has-post-thumbnail","6":"product_cat-12-a-24-meses","7":"product_cat-desarrollo-cognitivo","8":"product_cat-nuevos-ingresos","9":"product_cat-puncho","11":"first","12":"instock","13":"shipping-taxable","14":"purchasable","15":"product-type-simple"},"yoast_head":"<!-- This site is optimized with the Yoast SEO Premium plugin v26.5 (Yoast SEO v27.2) - https:\/\/yoast.com\/product\/yoast-seo-premium-wordpress\/ -->\n<title>First Exercises - World of Dinos 2+ - Creanza<\/title>\n<meta name=\"robots\" content=\"index, follow, max-snippet:-1, max-image-preview:large, max-video-preview:-1\" \/>\n<link rel=\"canonical\" href=\"https:\/\/creanzacr.com\/en\/product\/first-exercises-world-of-dinos-2\/\" \/>\n<meta property=\"og:locale\" content=\"en_US\" \/>\n<meta property=\"og:type\" content=\"article\" \/>\n<meta property=\"og:title\" content=\"First Exercises - World of Dinos 2+\" \/>\n<meta property=\"og:description\" content=\"El set de tarjetas para la caja de aprendizaje (Wooden Box) es perfecto para ense\u00f1ar los primeros colores a ni\u00f1os desde los 2 a\u00f1os. Incluye 24 tarjetas impresas por ambos lados con 48 ejercicios que estimulan la observaci\u00f3n y la asociaci\u00f3n. Su sistema autocorrectivo permite que el ni\u00f1o aprenda de forma aut\u00f3noma y divertida.\" \/>\n<meta property=\"og:url\" content=\"https:\/\/creanzacr.com\/en\/product\/first-exercises-world-of-dinos-2\/\" \/>\n<meta property=\"og:site_name\" content=\"Creanza\" \/>\n<meta property=\"article:modified_time\" content=\"2026-03-05T23:32:57+00:00\" \/>\n<meta property=\"og:image\" content=\"https:\/\/creanzacr.com\/wp-content\/uploads\/2026\/03\/Untitled-design-8-1.png\" \/>\n\t<meta property=\"og:image:width\" content=\"1080\" \/>\n\t<meta property=\"og:image:height\" content=\"1080\" \/>\n\t<meta property=\"og:image:type\" content=\"image\/png\" \/>\n<meta name=\"twitter:card\" content=\"summary_large_image\" \/>\n<meta name=\"twitter:label1\" content=\"Est. reading time\" \/>\n\t<meta name=\"twitter:data1\" content=\"1 minute\" \/>\n<script type=\"application\/ld+json\" class=\"yoast-schema-graph\">{\"@context\":\"https:\/\/schema.org\",\"@graph\":[{\"@type\":\"WebPage\",\"@id\":\"https:\/\/creanzacr.com\/producto\/first-exercises-world-of-dinos-2\/\",\"url\":\"https:\/\/creanzacr.com\/producto\/first-exercises-world-of-dinos-2\/\",\"name\":\"First Exercises - World of Dinos 2+ - Creanza\",\"isPartOf\":{\"@id\":\"https:\/\/creanzacr.com\/#website\"},\"primaryImageOfPage\":{\"@id\":\"https:\/\/creanzacr.com\/producto\/first-exercises-world-of-dinos-2\/#primaryimage\"},\"image\":{\"@id\":\"https:\/\/creanzacr.com\/producto\/first-exercises-world-of-dinos-2\/#primaryimage\"},\"thumbnailUrl\":\"https:\/\/creanzacr.com\/wp-content\/uploads\/2026\/03\/Untitled-design-8-1.png\",\"datePublished\":\"2026-03-05T21:43:26+00:00\",\"dateModified\":\"2026-03-05T23:32:57+00:00\",\"breadcrumb\":{\"@id\":\"https:\/\/creanzacr.com\/producto\/first-exercises-world-of-dinos-2\/#breadcrumb\"},\"inLanguage\":\"en-US\",\"potentialAction\":[{\"@type\":\"ReadAction\",\"target\":[\"https:\/\/creanzacr.com\/producto\/first-exercises-world-of-dinos-2\/\"]}]},{\"@type\":\"ImageObject\",\"inLanguage\":\"en-US\",\"@id\":\"https:\/\/creanzacr.com\/producto\/first-exercises-world-of-dinos-2\/#primaryimage\",\"url\":\"https:\/\/creanzacr.com\/wp-content\/uploads\/2026\/03\/Untitled-design-8-1.png\",\"contentUrl\":\"https:\/\/creanzacr.com\/wp-content\/uploads\/2026\/03\/Untitled-design-8-1.png\",\"width\":1080,\"height\":1080},{\"@type\":\"BreadcrumbList\",\"@id\":\"https:\/\/creanzacr.com\/producto\/first-exercises-world-of-dinos-2\/#breadcrumb\",\"itemListElement\":[{\"@type\":\"ListItem\",\"position\":1,\"name\":\"Home\",\"item\":\"https:\/\/creanzacr.com\/\"},{\"@type\":\"ListItem\",\"position\":2,\"name\":\"Tienda\",\"item\":\"https:\/\/creanzacr.com\/tienda\/\"},{\"@type\":\"ListItem\",\"position\":3,\"name\":\"First Exercises &#8211; World of Dinos 2+\"}]},{\"@type\":\"WebSite\",\"@id\":\"https:\/\/creanzacr.com\/#website\",\"url\":\"https:\/\/creanzacr.com\/\",\"name\":\"Creanza\",\"description\":\"Juego con Prop\u00f3sito\",\"publisher\":{\"@id\":\"https:\/\/creanzacr.com\/#organization\"},\"potentialAction\":[{\"@type\":\"SearchAction\",\"target\":{\"@type\":\"EntryPoint\",\"urlTemplate\":\"https:\/\/creanzacr.com\/?s={search_term_string}\"},\"query-input\":{\"@type\":\"PropertyValueSpecification\",\"valueRequired\":true,\"valueName\":\"search_term_string\"}}],\"inLanguage\":\"en-US\"},{\"@type\":\"Organization\",\"@id\":\"https:\/\/creanzacr.com\/#organization\",\"name\":\"Creanza\",\"url\":\"https:\/\/creanzacr.com\/\",\"logo\":{\"@type\":\"ImageObject\",\"inLanguage\":\"en-US\",\"@id\":\"https:\/\/creanzacr.com\/#\/schema\/logo\/image\/\",\"url\":\"https:\/\/creanzacr.com\/wp-content\/uploads\/2023\/11\/versiones_logo_1.png\",\"contentUrl\":\"https:\/\/creanzacr.com\/wp-content\/uploads\/2023\/11\/versiones_logo_1.png\",\"width\":4167,\"height\":4167,\"caption\":\"Creanza\"},\"image\":{\"@id\":\"https:\/\/creanzacr.com\/#\/schema\/logo\/image\/\"}}]}<\/script>\n<!-- \/ Yoast SEO Premium plugin. -->","yoast_head_json":{"title":"First Exercises - World of Dinos 2+ - Creanza","robots":{"index":"index","follow":"follow","max-snippet":"max-snippet:-1","max-image-preview":"max-image-preview:large","max-video-preview":"max-video-preview:-1"},"canonical":"https:\/\/creanzacr.com\/en\/product\/first-exercises-world-of-dinos-2\/","og_locale":"en_US","og_type":"article","og_title":"First Exercises - World of Dinos 2+","og_description":"El set de tarjetas para la caja de aprendizaje (Wooden Box) es perfecto para ense\u00f1ar los primeros colores a ni\u00f1os desde los 2 a\u00f1os. Incluye 24 tarjetas impresas por ambos lados con 48 ejercicios que estimulan la observaci\u00f3n y la asociaci\u00f3n. Su sistema autocorrectivo permite que el ni\u00f1o aprenda de forma aut\u00f3noma y divertida.","og_url":"https:\/\/creanzacr.com\/en\/product\/first-exercises-world-of-dinos-2\/","og_site_name":"Creanza","article_modified_time":"2026-03-05T23:32:57+00:00","og_image":[{"width":1080,"height":1080,"url":"https:\/\/creanzacr.com\/wp-content\/uploads\/2026\/03\/Untitled-design-8-1.png","type":"image\/png"}],"twitter_card":"summary_large_image","twitter_misc":{"Est. reading time":"1 minute"},"schema":{"@context":"https:\/\/schema.org","@graph":[{"@type":"WebPage","@id":"https:\/\/creanzacr.com\/producto\/first-exercises-world-of-dinos-2\/","url":"https:\/\/creanzacr.com\/producto\/first-exercises-world-of-dinos-2\/","name":"First Exercises - World of Dinos 2+ - Creanza","isPartOf":{"@id":"https:\/\/creanzacr.com\/#website"},"primaryImageOfPage":{"@id":"https:\/\/creanzacr.com\/producto\/first-exercises-world-of-dinos-2\/#primaryimage"},"image":{"@id":"https:\/\/creanzacr.com\/producto\/first-exercises-world-of-dinos-2\/#primaryimage"},"thumbnailUrl":"https:\/\/creanzacr.com\/wp-content\/uploads\/2026\/03\/Untitled-design-8-1.png","datePublished":"2026-03-05T21:43:26+00:00","dateModified":"2026-03-05T23:32:57+00:00","breadcrumb":{"@id":"https:\/\/creanzacr.com\/producto\/first-exercises-world-of-dinos-2\/#breadcrumb"},"inLanguage":"en-US","potentialAction":[{"@type":"ReadAction","target":["https:\/\/creanzacr.com\/producto\/first-exercises-world-of-dinos-2\/"]}]},{"@type":"ImageObject","inLanguage":"en-US","@id":"https:\/\/creanzacr.com\/producto\/first-exercises-world-of-dinos-2\/#primaryimage","url":"https:\/\/creanzacr.com\/wp-content\/uploads\/2026\/03\/Untitled-design-8-1.png","contentUrl":"https:\/\/creanzacr.com\/wp-content\/uploads\/2026\/03\/Untitled-design-8-1.png","width":1080,"height":1080},{"@type":"BreadcrumbList","@id":"https:\/\/creanzacr.com\/producto\/first-exercises-world-of-dinos-2\/#breadcrumb","itemListElement":[{"@type":"ListItem","position":1,"name":"Home","item":"https:\/\/creanzacr.com\/"},{"@type":"ListItem","position":2,"name":"Tienda","item":"https:\/\/creanzacr.com\/tienda\/"},{"@type":"ListItem","position":3,"name":"First Exercises &#8211; World of Dinos 2+"}]},{"@type":"WebSite","@id":"https:\/\/creanzacr.com\/#website","url":"https:\/\/creanzacr.com\/","name":"Creanza","description":"Juego con Prop\u00f3sito","publisher":{"@id":"https:\/\/creanzacr.com\/#organization"},"potentialAction":[{"@type":"SearchAction","target":{"@type":"EntryPoint","urlTemplate":"https:\/\/creanzacr.com\/?s={search_term_string}"},"query-input":{"@type":"PropertyValueSpecification","valueRequired":true,"valueName":"search_term_string"}}],"inLanguage":"en-US"},{"@type":"Organization","@id":"https:\/\/creanzacr.com\/#organization","name":"Creanza","url":"https:\/\/creanzacr.com\/","logo":{"@type":"ImageObject","inLanguage":"en-US","@id":"https:\/\/creanzacr.com\/#\/schema\/logo\/image\/","url":"https:\/\/creanzacr.com\/wp-content\/uploads\/2023\/11\/versiones_logo_1.png","contentUrl":"https:\/\/creanzacr.com\/wp-content\/uploads\/2023\/11\/versiones_logo_1.png","width":4167,"height":4167,"caption":"Creanza"},"image":{"@id":"https:\/\/creanzacr.com\/#\/schema\/logo\/image\/"}}]}},"_links":{"self":[{"href":"https:\/\/creanzacr.com\/en\/wp-json\/wp\/v2\/product\/7570","targetHints":{"allow":["GET"]}}],"collection":[{"href":"https:\/\/creanzacr.com\/en\/wp-json\/wp\/v2\/product"}],"about":[{"href":"https:\/\/creanzacr.com\/en\/wp-json\/wp\/v2\/types\/product"}],"wp:featuredmedia":[{"embeddable":true,"href":"https:\/\/creanzacr.com\/en\/wp-json\/wp\/v2\/media\/7616"}],"wp:attachment":[{"href":"https:\/\/creanzacr.com\/en\/wp-json\/wp\/v2\/media?parent=7570"}],"wp:term":[{"taxonomy":"product_brand","embeddable":true,"href":"https:\/\/creanzacr.com\/en\/wp-json\/wp\/v2\/product_brand?post=7570"},{"taxonomy":"product_cat","embeddable":true,"href":"https:\/\/creanzacr.com\/en\/wp-json\/wp\/v2\/product_cat?post=7570"},{"taxonomy":"product_tag","embeddable":true,"href":"https:\/\/creanzacr.com\/en\/wp-json\/wp\/v2\/product_tag?post=7570"}],"curies":[{"name":"wp","href":"https:\/\/api.w.org\/{rel}","templated":true}]}}